{"id":130,"date":"2021-05-03T11:40:27","date_gmt":"2021-05-03T09:40:27","guid":{"rendered":"http:\/\/192.168.1.18\/wordpress\/colibri-wp\/"},"modified":"2022-08-26T08:23:17","modified_gmt":"2022-08-26T06:23:17","slug":"colibri-wp","status":"publish","type":"page","link":"https:\/\/odcloud.synology.me\/wordpress\/","title":{"rendered":"Cabinet Sophie Ducout"},"content":{"rendered":"\n<hr class=\"wp-block-separator\"\/>\n\n\n\n<div class=\"wp-block-media-text has-media-on-the-right is-stacked-on-mobile\" style=\"grid-template-columns:auto 41%\"><figure class=\"wp-block-media-text__media\"><img loading=\"lazy\" width=\"768\" height=\"1024\" src=\"https:\/\/odcloud.synology.me\/wordpress\/wp-content\/uploads\/2021\/11\/PHOTO-2018-06-12-21-01-03.jpg\" alt=\"\" class=\"wp-image-272 size-full\" srcset=\"http:\/\/192.168.1.18\/wordpress\/wp-content\/uploads\/2021\/11\/PHOTO-2018-06-12-21-01-03.jpg 768w, http:\/\/192.168.1.18\/wordpress\/wp-content\/uploads\/2021\/11\/PHOTO-2018-06-12-21-01-03-225x300.jpg 225w, http:\/\/192.168.1.18\/wordpress\/wp-content\/uploads\/2021\/11\/PHOTO-2018-06-12-21-01-03-640x853.jpg 640w, http:\/\/192.168.1.18\/wordpress\/wp-content\/uploads\/2021\/11\/PHOTO-2018-06-12-21-01-03-150x200.jpg 150w\" sizes=\"(max-width: 768px) 100vw, 768px\" \/><\/figure><div class=\"wp-block-media-text__content\">\n<p style=\"font-size:19px\"><strong>Une protection sociale et patrimoniale adapt\u00e9e \u00e0 vos besoins !<\/strong><\/p>\n\n\n\n<p style=\"font-size:18px\">Vous souhaitez prot\u00e9ger financi\u00e8rement votre famille et votre entreprise face aux <strong>al\u00e9as de la vie<\/strong> comme un arr\u00eat de travail, une invalidit\u00e9 ou un d\u00e9c\u00e8s.<br><br>Vous souhaitez disposer \u00e0 la <strong>retraite <\/strong>d&rsquo;un revenu confortable sans \u00eatre d\u00e9pendant de votre entourage.<br><br>Vous souhaitez transmettre votre <strong>patrimoine<\/strong> dans les meilleures conditions.<\/p>\n\n\n\n<p style=\"font-size:18px\">Vous souhaitez v\u00e9rifier que votre compl\u00e9mentaire <strong>sant\u00e9 <\/strong>est adapt\u00e9e \u00e0 vos besoins.<br><br>Le <strong>cabinet Sophie Ducout Pr\u00e9voyance et Patrimoine<\/strong> vous accompagne dans la mise en place de solutions adapt\u00e9es et r\u00e9alise un suivi personnalis\u00e9 de votre situation bas\u00e9 sur une <strong>relation de confiance \u00e0 long terme<\/strong>.<\/p>\n<\/div><\/div>\n\n\n\n<hr class=\"wp-block-separator\"\/>\n\n\n\n<div class=\"wp-block-media-text alignwide is-stacked-on-mobile\" style=\"grid-template-columns:42% auto\"><figure class=\"wp-block-media-text__media\"><img loading=\"lazy\" width=\"681\" height=\"1024\" src=\"https:\/\/odcloud.synology.me\/wordpress\/wp-content\/uploads\/2022\/06\/DSC1475-681x1024.jpg\" alt=\"\" class=\"wp-image-503 size-full\" srcset=\"http:\/\/192.168.1.18\/wordpress\/wp-content\/uploads\/2022\/06\/DSC1475-681x1024.jpg 681w, http:\/\/192.168.1.18\/wordpress\/wp-content\/uploads\/2022\/06\/DSC1475-200x300.jpg 200w, http:\/\/192.168.1.18\/wordpress\/wp-content\/uploads\/2022\/06\/DSC1475-768x1154.jpg 768w, http:\/\/192.168.1.18\/wordpress\/wp-content\/uploads\/2022\/06\/DSC1475-1022x1536.jpg 1022w, http:\/\/192.168.1.18\/wordpress\/wp-content\/uploads\/2022\/06\/DSC1475-1363x2048.jpg 1363w, http:\/\/192.168.1.18\/wordpress\/wp-content\/uploads\/2022\/06\/DSC1475-150x225.jpg 150w, http:\/\/192.168.1.18\/wordpress\/wp-content\/uploads\/2022\/06\/DSC1475-scaled.jpg 1703w\" sizes=\"(max-width: 681px) 100vw, 681px\" \/><\/figure><div class=\"wp-block-media-text__content\">\n<p style=\"font-size:18px\">Apr\u00e8s une carri\u00e8re de 15 ans dans le secteur bancaire en tant qu&rsquo;analyste pour les grandes entreprises, j&rsquo;ai cr\u00e9\u00e9 <strong>mon cabinet sp\u00e9cialis\u00e9 dans la protection financi\u00e8re des personnes et des entreprises<\/strong>.<br>Je mets \u00e0 profit mon exp\u00e9rience et mon expertise en mati\u00e8re de protection sociale et patrimoniale pour prot\u00e9ger vos revenus en cas d&rsquo;al\u00e9as et ainsi vous permettre de s\u00e9curiser votre patrimoine.<br>Apr\u00e8s un audit complet de vos garanties sociales et patrimoniales actuelles, je vous apporte, si n\u00e9cessaire, des solutions en ad\u00e9quation avec vos besoins, que nous ferons \u00e9voluer dans les diff\u00e9rentes \u00e9tapes de votre vie.<br>Professions lib\u00e9rales, chefs d&rsquo;entreprises, ind\u00e9pendants, salari\u00e9s, retrait\u00e9s, <strong>je vous accompagne dans la dur\u00e9e, gr\u00e2ce \u00e0 mon statut d&rsquo;ind\u00e9pendant<\/strong>, pour conforter votre protection sociale et patrimoniale et r\u00e9pondre \u00e0 vos besoins en Pr\u00e9voyance, Retraite et Epargne.<br>Pour <strong>anticiper<\/strong> tous ces sujets importants qui touchent \u00e0 la s\u00e9curit\u00e9 financi\u00e8re de votre famille et de votre entreprise, <a href=\"https:\/\/odcloud.synology.me\/wordpress\/contact\/\">contactez-moi<\/a>.<\/p>\n\n\n\n<p>Sophie Ducout, Agent G\u00e9n\u00e9ral Axa Pr\u00e9voyance et Patrimoine<\/p>\n<\/div><\/div>\n\n\n\n<hr class=\"wp-block-separator\"\/>\n\n\n\n<table id=\"tablepress-4\" class=\"tablepress tablepress-id-4\">\n<tbody class=\"row-hover\">\n<tr class=\"row-1 odd\">\n\t<td class=\"column-1\"><a href=\"https:\/\/www.linkedin.com\/in\/sophie-ducout\/\"><img src=\"https:\/\/odcloud.synology.me\/wordpress\/wp-content\/uploads\/2021\/11\/linkedin-150x150.png\" alt=\"\" width=\"150\" height=\"150\" class=\"aligncenter size-thumbnail wp-image-310\" \/><\/a><\/td><td class=\"column-2\"><img src=\"https:\/\/odcloud.synology.me\/wordpress\/wp-content\/uploads\/2022\/06\/fb_icon_325x325-150x150.png\" alt=\"\" width=\"150\" height=\"150\" class=\"aligncenter size-thumbnail wp-image-519\" \/><\/td><td class=\"column-3\"><img src=\"https:\/\/odcloud.synology.me\/wordpress\/wp-content\/uploads\/2022\/06\/Logo-GDC.jpg\" alt=\"\" width=\"111\" height=\"62\" class=\"aligncenter size-full wp-image-513\" \/><\/td>\n<\/tr>\n<\/tbody>\n<\/table>\n<!-- #tablepress-4 from cache -->\n\n\n\n<hr class=\"wp-block-separator\"\/>\n\n\n\n<div class=\"ti-widget ti-goog\" data-layout-id=\"22\" data-set-id=\"light-background-border\" data-pid=\"\" data-language=\"fr\" data-version=\"2\" > <div class=\"ti-widget-container\">  <div class=\"ti-profile-img\"> <img src=\"https:\/\/lh5.googleusercontent.com\/p\/AF1QipPyTr7ejz4V5BUtGvgXuCG6KWAoA-i46P3315MP=w256-h256-k-no-p\" srcset=\"https:\/\/lh5.googleusercontent.com\/p\/AF1QipPyTr7ejz4V5BUtGvgXuCG6KWAoA-i46P3315MP=w256-h256-k-no-p 2x\" alt=\"AXA Pr\u00e9voyance & Patrimoine Sophie Ducout EIRL\" loading=\"lazy\" \/> <\/div> <div class=\"ti-profile-details\"> <div class=\"ti-name\"> AXA Pr\u00e9voyance & Patrimoine Sophie Ducout EIRL<\/div> <span class=\"ti-stars\"><span class=\"ti-star f\"><\/span><span class=\"ti-star f\"><\/span><span class=\"ti-star f\"><\/span><span class=\"ti-star f\"><\/span><span class=\"ti-star f\"><\/span><\/span> <div class=\"ti-rating-text\"> <span class=\"nowrap\"><span class=\"underline\">4 avis Google<\/span><\/span> <\/div> <\/div>  <\/div> <\/div> \n\n\n\n<p><\/p>\n","protected":false},"excerpt":{"rendered":"<p>Une protection sociale et patrimoniale adapt\u00e9e \u00e0 vos besoins ! Vous souhaitez prot\u00e9ger financi\u00e8rement votre famille et votre entreprise face aux al\u00e9as de la vie comme un arr\u00eat de travail, une invalidit\u00e9 ou un d\u00e9c\u00e8s. Vous souhaitez disposer \u00e0 la retraite d&rsquo;un revenu confortable sans \u00eatre d\u00e9pendant de votre entourage. Vous souhaitez transmettre votre patrimoine&hellip;&nbsp;<a href=\"https:\/\/odcloud.synology.me\/wordpress\/\" class=\"\" rel=\"bookmark\">Lire la suite &raquo;<span class=\"screen-reader-text\">Cabinet Sophie Ducout<\/span><\/a><\/p>\n","protected":false},"author":1,"featured_media":0,"parent":0,"menu_order":0,"comment_status":"closed","ping_status":"closed","template":"","meta":{"neve_meta_sidebar":"full-width","neve_meta_container":"contained","neve_meta_enable_content_width":"on","neve_meta_content_width":100,"neve_meta_title_alignment":"left","neve_meta_author_avatar":"","neve_post_elements_order":"","neve_meta_disable_header":"","neve_meta_disable_footer":"","neve_meta_disable_title":"off","ngg_post_thumbnail":0},"categories":[],"tags":[9,6,7],"yoast_head":"<!-- This site is optimized with the Yoast SEO plugin v18.0 - https:\/\/yoast.com\/wordpress\/plugins\/seo\/ -->\n<title>Cabinet Sophie Ducout - SD Pr\u00e9voyance et Patrimoine<\/title>\n<meta name=\"description\" content=\"Le cabinet SD2P, sp\u00e9cialis\u00e9 dans la protection financi\u00e8re des personnes, vous accompagne dans toutes vos d\u00e9marches li\u00e9es \u00e0 la pr\u00e9voyance, la sant\u00e9, la retraite et la gestion de patrimoine.\" \/>\n<meta name=\"robots\" content=\"index, follow, max-snippet:-1, max-image-preview:large, max-video-preview:-1\" \/>\n<link rel=\"canonical\" href=\"https:\/\/odcloud.synology.me\/wordpress\/\" \/>\n<meta property=\"og:locale\" content=\"fr_FR\" \/>\n<meta property=\"og:type\" content=\"article\" \/>\n<meta property=\"og:title\" content=\"SD Pr\u00e9voyance et Patrimoine\" \/>\n<meta property=\"og:description\" content=\"Le cabinet SD2P, sp\u00e9cialis\u00e9 dans la protection financi\u00e8re des personnes, vous accompagne dans toutes vos d\u00e9marches li\u00e9es \u00e0 la pr\u00e9voyance, la sant\u00e9, la retraite et la gestion de patrimoine. %\" \/>\n<meta property=\"og:url\" content=\"https:\/\/odcloud.synology.me\/wordpress\/\" \/>\n<meta property=\"og:site_name\" content=\"SD Pr\u00e9voyance et Patrimoine\" \/>\n<meta property=\"article:modified_time\" content=\"2022-08-26T06:23:17+00:00\" \/>\n<meta property=\"og:image\" content=\"https:\/\/odcloud.synology.me\/wordpress\/wp-content\/uploads\/2021\/11\/PHOTO-2018-06-12-21-01-03.jpg\" \/>\n\t<meta property=\"og:image:width\" content=\"768\" \/>\n\t<meta property=\"og:image:height\" content=\"1024\" \/>\n\t<meta property=\"og:image:type\" content=\"image\/jpeg\" \/>\n<meta name=\"twitter:card\" content=\"summary_large_image\" \/>\n<meta name=\"twitter:label1\" content=\"Dur\u00e9e de lecture estim\u00e9e\" \/>\n\t<meta name=\"twitter:data1\" content=\"2 minutes\" \/>\n<script type=\"application\/ld+json\" class=\"yoast-schema-graph\">{\"@context\":\"https:\/\/schema.org\",\"@graph\":[{\"@type\":\"Organization\",\"@id\":\"https:\/\/odcloud.synology.me\/wordpress\/#organization\",\"name\":\"Cabinet SD2P\",\"url\":\"https:\/\/odcloud.synology.me\/wordpress\/\",\"sameAs\":[],\"logo\":{\"@type\":\"ImageObject\",\"@id\":\"https:\/\/odcloud.synology.me\/wordpress\/#logo\",\"inLanguage\":\"fr-FR\",\"url\":\"https:\/\/odcloud.synology.me\/wordpress\/wp-content\/uploads\/2021\/11\/cropped-Logo-SDPP-complet.jpg\",\"contentUrl\":\"https:\/\/odcloud.synology.me\/wordpress\/wp-content\/uploads\/2021\/11\/cropped-Logo-SDPP-complet.jpg\",\"width\":751,\"height\":274,\"caption\":\"Cabinet SD2P\"},\"image\":{\"@id\":\"https:\/\/odcloud.synology.me\/wordpress\/#logo\"}},{\"@type\":\"WebSite\",\"@id\":\"https:\/\/odcloud.synology.me\/wordpress\/#website\",\"url\":\"https:\/\/odcloud.synology.me\/wordpress\/\",\"name\":\"SD Pr\u00e9voyance et Patrimoine\",\"description\":\"Agent G\u00e9n\u00e9ral d&#039;Assurance sp\u00e9cialis\u00e9 en Pr\u00e9oyance Sant\u00e9 et Retraite \u00e0 Bordeaux Gironde Aquitaine\",\"publisher\":{\"@id\":\"https:\/\/odcloud.synology.me\/wordpress\/#organization\"},\"potentialAction\":[{\"@type\":\"SearchAction\",\"target\":{\"@type\":\"EntryPoint\",\"urlTemplate\":\"https:\/\/odcloud.synology.me\/wordpress\/?s={search_term_string}\"},\"query-input\":\"required name=search_term_string\"}],\"inLanguage\":\"fr-FR\"},{\"@type\":\"ImageObject\",\"@id\":\"https:\/\/odcloud.synology.me\/wordpress\/#primaryimage\",\"inLanguage\":\"fr-FR\",\"url\":\"https:\/\/192.168.1.18\/wordpress\/wp-content\/uploads\/2021\/11\/PHOTO-2018-06-12-21-01-03.jpg\",\"contentUrl\":\"https:\/\/192.168.1.18\/wordpress\/wp-content\/uploads\/2021\/11\/PHOTO-2018-06-12-21-01-03.jpg\",\"width\":768,\"height\":1024},{\"@type\":\"WebPage\",\"@id\":\"https:\/\/odcloud.synology.me\/wordpress\/#webpage\",\"url\":\"https:\/\/odcloud.synology.me\/wordpress\/\",\"name\":\"Cabinet Sophie Ducout - SD Pr\u00e9voyance et Patrimoine\",\"isPartOf\":{\"@id\":\"https:\/\/odcloud.synology.me\/wordpress\/#website\"},\"primaryImageOfPage\":{\"@id\":\"https:\/\/odcloud.synology.me\/wordpress\/#primaryimage\"},\"datePublished\":\"2021-05-03T09:40:27+00:00\",\"dateModified\":\"2022-08-26T06:23:17+00:00\",\"description\":\"Le cabinet SD2P, sp\u00e9cialis\u00e9 dans la protection financi\u00e8re des personnes, vous accompagne dans toutes vos d\u00e9marches li\u00e9es \u00e0 la pr\u00e9voyance, la sant\u00e9, la retraite et la gestion de patrimoine.\",\"breadcrumb\":{\"@id\":\"https:\/\/odcloud.synology.me\/wordpress\/#breadcrumb\"},\"inLanguage\":\"fr-FR\",\"potentialAction\":[{\"@type\":\"ReadAction\",\"target\":[\"https:\/\/odcloud.synology.me\/wordpress\/\"]}]},{\"@type\":\"BreadcrumbList\",\"@id\":\"https:\/\/odcloud.synology.me\/wordpress\/#breadcrumb\",\"itemListElement\":[{\"@type\":\"ListItem\",\"position\":1,\"name\":\"Accueil\",\"item\":\"https:\/\/odcloud.synology.me\/wordpress\/\"},{\"@type\":\"ListItem\",\"position\":2,\"name\":\"Cabinet Sophie Ducout\"}]}]}<\/script>\n<!-- \/ Yoast SEO plugin. -->","yoast_head_json":{"title":"Cabinet Sophie Ducout - SD Pr\u00e9voyance et Patrimoine","description":"Le cabinet SD2P, sp\u00e9cialis\u00e9 dans la protection financi\u00e8re des personnes, vous accompagne dans toutes vos d\u00e9marches li\u00e9es \u00e0 la pr\u00e9voyance, la sant\u00e9, la retraite et la gestion de patrimoine.","robots":{"index":"index","follow":"follow","max-snippet":"max-snippet:-1","max-image-preview":"max-image-preview:large","max-video-preview":"max-video-preview:-1"},"canonical":"https:\/\/odcloud.synology.me\/wordpress\/","og_locale":"fr_FR","og_type":"article","og_title":"SD Pr\u00e9voyance et Patrimoine","og_description":"Le cabinet SD2P, sp\u00e9cialis\u00e9 dans la protection financi\u00e8re des personnes, vous accompagne dans toutes vos d\u00e9marches li\u00e9es \u00e0 la pr\u00e9voyance, la sant\u00e9, la retraite et la gestion de patrimoine. %","og_url":"https:\/\/odcloud.synology.me\/wordpress\/","og_site_name":"SD Pr\u00e9voyance et Patrimoine","article_modified_time":"2022-08-26T06:23:17+00:00","og_image":[{"width":768,"height":1024,"url":"https:\/\/odcloud.synology.me\/wordpress\/wp-content\/uploads\/2021\/11\/PHOTO-2018-06-12-21-01-03.jpg","type":"image\/jpeg"}],"twitter_card":"summary_large_image","twitter_misc":{"Dur\u00e9e de lecture estim\u00e9e":"2 minutes"},"schema":{"@context":"https:\/\/schema.org","@graph":[{"@type":"Organization","@id":"https:\/\/odcloud.synology.me\/wordpress\/#organization","name":"Cabinet SD2P","url":"https:\/\/odcloud.synology.me\/wordpress\/","sameAs":[],"logo":{"@type":"ImageObject","@id":"https:\/\/odcloud.synology.me\/wordpress\/#logo","inLanguage":"fr-FR","url":"https:\/\/odcloud.synology.me\/wordpress\/wp-content\/uploads\/2021\/11\/cropped-Logo-SDPP-complet.jpg","contentUrl":"https:\/\/odcloud.synology.me\/wordpress\/wp-content\/uploads\/2021\/11\/cropped-Logo-SDPP-complet.jpg","width":751,"height":274,"caption":"Cabinet SD2P"},"image":{"@id":"https:\/\/odcloud.synology.me\/wordpress\/#logo"}},{"@type":"WebSite","@id":"https:\/\/odcloud.synology.me\/wordpress\/#website","url":"https:\/\/odcloud.synology.me\/wordpress\/","name":"SD Pr\u00e9voyance et Patrimoine","description":"Agent G\u00e9n\u00e9ral d&#039;Assurance sp\u00e9cialis\u00e9 en Pr\u00e9oyance Sant\u00e9 et Retraite \u00e0 Bordeaux Gironde Aquitaine","publisher":{"@id":"https:\/\/odcloud.synology.me\/wordpress\/#organization"},"potentialAction":[{"@type":"SearchAction","target":{"@type":"EntryPoint","urlTemplate":"https:\/\/odcloud.synology.me\/wordpress\/?s={search_term_string}"},"query-input":"required name=search_term_string"}],"inLanguage":"fr-FR"},{"@type":"ImageObject","@id":"https:\/\/odcloud.synology.me\/wordpress\/#primaryimage","inLanguage":"fr-FR","url":"https:\/\/192.168.1.18\/wordpress\/wp-content\/uploads\/2021\/11\/PHOTO-2018-06-12-21-01-03.jpg","contentUrl":"https:\/\/192.168.1.18\/wordpress\/wp-content\/uploads\/2021\/11\/PHOTO-2018-06-12-21-01-03.jpg","width":768,"height":1024},{"@type":"WebPage","@id":"https:\/\/odcloud.synology.me\/wordpress\/#webpage","url":"https:\/\/odcloud.synology.me\/wordpress\/","name":"Cabinet Sophie Ducout - SD Pr\u00e9voyance et Patrimoine","isPartOf":{"@id":"https:\/\/odcloud.synology.me\/wordpress\/#website"},"primaryImageOfPage":{"@id":"https:\/\/odcloud.synology.me\/wordpress\/#primaryimage"},"datePublished":"2021-05-03T09:40:27+00:00","dateModified":"2022-08-26T06:23:17+00:00","description":"Le cabinet SD2P, sp\u00e9cialis\u00e9 dans la protection financi\u00e8re des personnes, vous accompagne dans toutes vos d\u00e9marches li\u00e9es \u00e0 la pr\u00e9voyance, la sant\u00e9, la retraite et la gestion de patrimoine.","breadcrumb":{"@id":"https:\/\/odcloud.synology.me\/wordpress\/#breadcrumb"},"inLanguage":"fr-FR","potentialAction":[{"@type":"ReadAction","target":["https:\/\/odcloud.synology.me\/wordpress\/"]}]},{"@type":"BreadcrumbList","@id":"https:\/\/odcloud.synology.me\/wordpress\/#breadcrumb","itemListElement":[{"@type":"ListItem","position":1,"name":"Accueil","item":"https:\/\/odcloud.synology.me\/wordpress\/"},{"@type":"ListItem","position":2,"name":"Cabinet Sophie Ducout"}]}]}},"_links":{"self":[{"href":"https:\/\/odcloud.synology.me\/wordpress\/wp-json\/wp\/v2\/pages\/130"}],"collection":[{"href":"https:\/\/odcloud.synology.me\/wordpress\/wp-json\/wp\/v2\/pages"}],"about":[{"href":"https:\/\/odcloud.synology.me\/wordpress\/wp-json\/wp\/v2\/types\/page"}],"author":[{"embeddable":true,"href":"https:\/\/odcloud.synology.me\/wordpress\/wp-json\/wp\/v2\/users\/1"}],"replies":[{"embeddable":true,"href":"https:\/\/odcloud.synology.me\/wordpress\/wp-json\/wp\/v2\/comments?post=130"}],"version-history":[{"count":49,"href":"https:\/\/odcloud.synology.me\/wordpress\/wp-json\/wp\/v2\/pages\/130\/revisions"}],"predecessor-version":[{"id":613,"href":"https:\/\/odcloud.synology.me\/wordpress\/wp-json\/wp\/v2\/pages\/130\/revisions\/613"}],"wp:attachment":[{"href":"https:\/\/odcloud.synology.me\/wordpress\/wp-json\/wp\/v2\/media?parent=130"}],"wp:term":[{"taxonomy":"category","embeddable":true,"href":"https:\/\/odcloud.synology.me\/wordpress\/wp-json\/wp\/v2\/categories?post=130"},{"taxonomy":"post_tag","embeddable":true,"href":"https:\/\/odcloud.synology.me\/wordpress\/wp-json\/wp\/v2\/tags?post=130"}],"curies":[{"name":"wp","href":"https:\/\/api.w.org\/{rel}","templated":true}]}}