{"id":183,"date":"2021-11-16T09:31:06","date_gmt":"2021-11-16T08:31:06","guid":{"rendered":"http:\/\/192.168.1.18\/wordpress\/?page_id=183"},"modified":"2022-08-26T09:50:03","modified_gmt":"2022-08-26T07:50:03","slug":"particulier","status":"publish","type":"page","link":"https:\/\/odcloud.synology.me\/wordpress\/particulier\/","title":{"rendered":"Particulier"},"content":{"rendered":"\n<hr class=\"wp-block-separator\"\/>\n\n\n\n<h2 class=\"has-medium-font-size\" id=\"Anchor_Prevoyance\">Une Pr\u00e9voyance qui correspond \u00e0 vos besoins<\/h2>\n\n\n\n<p>Comment vous prot\u00e9ger en cas d\u00e9c\u00e8s, d&rsquo;arr\u00eat de travail ou d&rsquo;invalidit\u00e9 ?<br>Ensemble, nous \u00e9tablirons un diagnostic complet de vos couvertures obligatoires et facultatives ainsi qu&rsquo;un profil de vos besoins et des besoins de votre famille dans le temps afin de vous apporter <strong>Des solutions adapt\u00e9es et sur mesure<\/strong>.<\/p>\n\n\n\n<figure class=\"wp-block-video\"><video controls src=\"https:\/\/odcloud.synology.me\/wordpress\/wp-content\/uploads\/2022\/08\/Agipi-Prevoyance.mp4\"><\/video><\/figure>\n\n\n\n<hr class=\"wp-block-separator\"\/>\n\n\n\n<p class=\"has-medium-font-size\" id=\"Anchor_Retraite\"><strong>Une retraite sereine<\/strong><\/p>\n\n\n\n<p>A quel \u00e2ge pourrai-je arr\u00eater de travailler ?<br>Quel sera le montant de ma retraite ?<br>Comment puis-je maintenir mon niveau de vie ?<br>Comment ma famille est-elle prot\u00e9g\u00e9e ?<\/p>\n\n\n\n<p>Afin de r\u00e9pondre \u00e0 toutes vos questions, notre cabinet r\u00e9alisera un <strong>bilan complet de vos droits acquis<\/strong> et une projection de vos futurs.<br>En fonction du r\u00e9sultat de ce bilan, des solutions vous seront propos\u00e9es pour <strong>optimiser votre retraite<\/strong> dans un cadre fiscal favorable.<\/p>\n\n\n\n<figure class=\"wp-block-video\"><video controls src=\"https:\/\/odcloud.synology.me\/wordpress\/wp-content\/uploads\/2022\/08\/Le-PER-Plan-dEpargne-Retraite-dAGIPI.mp4\"><\/video><\/figure>\n\n\n\n<hr class=\"wp-block-separator\"\/>\n\n\n\n<h2 class=\"has-medium-font-size\" id=\"Anchor_Patrimoine\">Une \u00e9pargne diversifi\u00e9e<\/h2>\n\n\n\n<p>Comment vous constituer un patrimoine et <strong>anticiper sa transmission<\/strong> ?<br>Nous r\u00e9aliserons un diagnostic complet de votre \u00e9pargne et trouverons des solutions adapt\u00e9es \u00e0 vos besoins pour optimiser votre strat\u00e9gie d&rsquo;\u00e9pargne et son impact sur votre fiscalit\u00e9 et vos droits de succession.<\/p>\n\n\n\n<figure class=\"wp-block-video\"><video controls src=\"https:\/\/odcloud.synology.me\/wordpress\/wp-content\/uploads\/2022\/08\/Contrat-dassurance-vie-CLER-_-les-3-innovations-de-2017-_-Loffre-AGIPI.mp4\"><\/video><\/figure>\n\n\n\n<hr class=\"wp-block-separator\"\/>\n\n\n\n<h2 class=\"has-medium-font-size\" id=\"Anchor_Sante\">Une Compl\u00e9mentaire sant\u00e9 adapt\u00e9e<\/h2>\n\n\n\n<p>Pour faire face au d\u00e9remboursement de plus en plus fr\u00e9quent de l&rsquo;Assurance Maladie, nous pourrons mettre en place un contrat de compl\u00e9mentaire sant\u00e9 <strong>parfaitement adapt\u00e9 \u00e0 vos besoins<\/strong> aupr\u00e8s de nos partenaires.<\/p>\n\n\n\n<figure class=\"wp-block-embed is-type-video is-provider-youtube wp-block-embed-youtube wp-embed-aspect-16-9 wp-has-aspect-ratio\"><div class=\"wp-block-embed__wrapper\">\n<div class=\"nv-iframe-embed\"><iframe loading=\"lazy\" title=\"La compl\u00e9mentaire sant\u00e9 : comment \u00e7a marche ?\" width=\"1200\" height=\"675\" src=\"https:\/\/www.youtube.com\/embed\/VZoh808iU0A?feature=oembed&amp;wmode=opaque\" frameborder=\"0\" allow=\"accelerometer; autoplay; clipboard-write; encrypted-media; gyroscope; picture-in-picture\" allowfullscreen><\/iframe><\/div>\n<\/div><\/figure>\n\n\n\n<hr class=\"wp-block-separator\"\/>\n\n\n\n<h2 class=\"has-medium-font-size\" id=\"Anchor_Emprunt\">Assurance emprunteur<\/h2>\n\n\n\n<p>Avec notre partenaire AGIPI, nous pouvons vous accompagner dans la mise en place de contrats d&rsquo;assurance emprunteur parfaitement optimis\u00e9s \u00e0 votre situation et vous permettant de r\u00e9aliser des <strong>\u00e9conomies substantielles<\/strong> sur vos \u00e9ch\u00e9ances.<\/p>\n\n\n\n<p><strong>Nouveau : \u00e0 partir du 1er septembre 2022, vous pouvez resilier \u00e0 tout moment votre contrat d&rsquo;assurance emprunteur, <a href=\"https:\/\/odcloud.synology.me\/wordpress\/contact\/\">contactez-nous<\/a> !<\/strong><\/p>\n\n\n\n<figure class=\"wp-block-video\"><video controls src=\"https:\/\/odcloud.synology.me\/wordpress\/wp-content\/uploads\/2022\/08\/Osez-changer-dassurance-de-pret-_-AXA.mp4\"><\/video><\/figure>\n\n\n\n<hr class=\"wp-block-separator\"\/>\n","protected":false},"excerpt":{"rendered":"<p>Une Pr\u00e9voyance qui correspond \u00e0 vos besoins Comment vous prot\u00e9ger en cas d\u00e9c\u00e8s, d&rsquo;arr\u00eat de travail ou d&rsquo;invalidit\u00e9 ?Ensemble, nous \u00e9tablirons un diagnostic complet de vos couvertures obligatoires et facultatives ainsi qu&rsquo;un profil de vos besoins et des besoins de votre famille dans le temps afin de vous apporter Des solutions adapt\u00e9es et sur mesure.&hellip;&nbsp;<a href=\"https:\/\/odcloud.synology.me\/wordpress\/particulier\/\" class=\"\" rel=\"bookmark\">Lire la suite &raquo;<span class=\"screen-reader-text\">Particulier<\/span><\/a><\/p>\n","protected":false},"author":1,"featured_media":0,"parent":0,"menu_order":0,"comment_status":"closed","ping_status":"closed","template":"","meta":{"neve_meta_sidebar":"full-width","neve_meta_container":"default","neve_meta_enable_content_width":"on","neve_meta_content_width":80,"neve_meta_title_alignment":"","neve_meta_author_avatar":"","neve_post_elements_order":"","neve_meta_disable_header":"","neve_meta_disable_footer":"off","neve_meta_disable_title":"on","ngg_post_thumbnail":0},"categories":[],"tags":[],"yoast_head":"<!-- This site is optimized with the Yoast SEO plugin v18.0 - https:\/\/yoast.com\/wordpress\/plugins\/seo\/ -->\n<title>Particulier - SD Pr\u00e9voyance et Patrimoine<\/title>\n<meta name=\"robots\" content=\"index, follow, max-snippet:-1, max-image-preview:large, max-video-preview:-1\" \/>\n<link rel=\"canonical\" href=\"https:\/\/odcloud.synology.me\/wordpress\/particulier\/\" \/>\n<meta property=\"og:locale\" content=\"fr_FR\" \/>\n<meta property=\"og:type\" content=\"article\" \/>\n<meta property=\"og:title\" content=\"Particulier - SD Pr\u00e9voyance et Patrimoine\" \/>\n<meta property=\"og:description\" content=\"Une Pr\u00e9voyance qui correspond \u00e0 vos besoins Comment vous prot\u00e9ger en cas d\u00e9c\u00e8s, d&rsquo;arr\u00eat de travail ou d&rsquo;invalidit\u00e9 ?Ensemble, nous \u00e9tablirons un diagnostic complet de vos couvertures obligatoires et facultatives ainsi qu&rsquo;un profil de vos besoins et des besoins de votre famille dans le temps afin de vous apporter Des solutions adapt\u00e9es et sur mesure.&hellip;&nbsp;Lire la suite &raquo;Particulier\" \/>\n<meta property=\"og:url\" content=\"https:\/\/odcloud.synology.me\/wordpress\/particulier\/\" \/>\n<meta property=\"og:site_name\" content=\"SD Pr\u00e9voyance et Patrimoine\" \/>\n<meta property=\"article:modified_time\" content=\"2022-08-26T07:50:03+00:00\" \/>\n<meta name=\"twitter:card\" content=\"summary_large_image\" \/>\n<meta name=\"twitter:label1\" content=\"Dur\u00e9e de lecture estim\u00e9e\" \/>\n\t<meta name=\"twitter:data1\" content=\"2 minutes\" \/>\n<script type=\"application\/ld+json\" class=\"yoast-schema-graph\">{\"@context\":\"https:\/\/schema.org\",\"@graph\":[{\"@type\":\"Organization\",\"@id\":\"https:\/\/odcloud.synology.me\/wordpress\/#organization\",\"name\":\"Cabinet SD2P\",\"url\":\"https:\/\/odcloud.synology.me\/wordpress\/\",\"sameAs\":[],\"logo\":{\"@type\":\"ImageObject\",\"@id\":\"https:\/\/odcloud.synology.me\/wordpress\/#logo\",\"inLanguage\":\"fr-FR\",\"url\":\"https:\/\/odcloud.synology.me\/wordpress\/wp-content\/uploads\/2021\/11\/cropped-Logo-SDPP-complet.jpg\",\"contentUrl\":\"https:\/\/odcloud.synology.me\/wordpress\/wp-content\/uploads\/2021\/11\/cropped-Logo-SDPP-complet.jpg\",\"width\":751,\"height\":274,\"caption\":\"Cabinet SD2P\"},\"image\":{\"@id\":\"https:\/\/odcloud.synology.me\/wordpress\/#logo\"}},{\"@type\":\"WebSite\",\"@id\":\"https:\/\/odcloud.synology.me\/wordpress\/#website\",\"url\":\"https:\/\/odcloud.synology.me\/wordpress\/\",\"name\":\"SD Pr\u00e9voyance et Patrimoine\",\"description\":\"Agent G\u00e9n\u00e9ral d&#039;Assurance sp\u00e9cialis\u00e9 en Pr\u00e9oyance Sant\u00e9 et Retraite \u00e0 Bordeaux Gironde Aquitaine\",\"publisher\":{\"@id\":\"https:\/\/odcloud.synology.me\/wordpress\/#organization\"},\"potentialAction\":[{\"@type\":\"SearchAction\",\"target\":{\"@type\":\"EntryPoint\",\"urlTemplate\":\"https:\/\/odcloud.synology.me\/wordpress\/?s={search_term_string}\"},\"query-input\":\"required name=search_term_string\"}],\"inLanguage\":\"fr-FR\"},{\"@type\":\"WebPage\",\"@id\":\"https:\/\/odcloud.synology.me\/wordpress\/particulier\/#webpage\",\"url\":\"https:\/\/odcloud.synology.me\/wordpress\/particulier\/\",\"name\":\"Particulier - SD Pr\u00e9voyance et Patrimoine\",\"isPartOf\":{\"@id\":\"https:\/\/odcloud.synology.me\/wordpress\/#website\"},\"datePublished\":\"2021-11-16T08:31:06+00:00\",\"dateModified\":\"2022-08-26T07:50:03+00:00\",\"breadcrumb\":{\"@id\":\"https:\/\/odcloud.synology.me\/wordpress\/particulier\/#breadcrumb\"},\"inLanguage\":\"fr-FR\",\"potentialAction\":[{\"@type\":\"ReadAction\",\"target\":[\"https:\/\/odcloud.synology.me\/wordpress\/particulier\/\"]}]},{\"@type\":\"BreadcrumbList\",\"@id\":\"https:\/\/odcloud.synology.me\/wordpress\/particulier\/#breadcrumb\",\"itemListElement\":[{\"@type\":\"ListItem\",\"position\":1,\"name\":\"Accueil\",\"item\":\"https:\/\/odcloud.synology.me\/wordpress\/\"},{\"@type\":\"ListItem\",\"position\":2,\"name\":\"Particulier\"}]}]}<\/script>\n<!-- \/ Yoast SEO plugin. -->","yoast_head_json":{"title":"Particulier - SD Pr\u00e9voyance et Patrimoine","robots":{"index":"index","follow":"follow","max-snippet":"max-snippet:-1","max-image-preview":"max-image-preview:large","max-video-preview":"max-video-preview:-1"},"canonical":"https:\/\/odcloud.synology.me\/wordpress\/particulier\/","og_locale":"fr_FR","og_type":"article","og_title":"Particulier - SD Pr\u00e9voyance et Patrimoine","og_description":"Une Pr\u00e9voyance qui correspond \u00e0 vos besoins Comment vous prot\u00e9ger en cas d\u00e9c\u00e8s, d&rsquo;arr\u00eat de travail ou d&rsquo;invalidit\u00e9 ?Ensemble, nous \u00e9tablirons un diagnostic complet de vos couvertures obligatoires et facultatives ainsi qu&rsquo;un profil de vos besoins et des besoins de votre famille dans le temps afin de vous apporter Des solutions adapt\u00e9es et sur mesure.&hellip;&nbsp;Lire la suite &raquo;Particulier","og_url":"https:\/\/odcloud.synology.me\/wordpress\/particulier\/","og_site_name":"SD Pr\u00e9voyance et Patrimoine","article_modified_time":"2022-08-26T07:50:03+00:00","twitter_card":"summary_large_image","twitter_misc":{"Dur\u00e9e de lecture estim\u00e9e":"2 minutes"},"schema":{"@context":"https:\/\/schema.org","@graph":[{"@type":"Organization","@id":"https:\/\/odcloud.synology.me\/wordpress\/#organization","name":"Cabinet SD2P","url":"https:\/\/odcloud.synology.me\/wordpress\/","sameAs":[],"logo":{"@type":"ImageObject","@id":"https:\/\/odcloud.synology.me\/wordpress\/#logo","inLanguage":"fr-FR","url":"https:\/\/odcloud.synology.me\/wordpress\/wp-content\/uploads\/2021\/11\/cropped-Logo-SDPP-complet.jpg","contentUrl":"https:\/\/odcloud.synology.me\/wordpress\/wp-content\/uploads\/2021\/11\/cropped-Logo-SDPP-complet.jpg","width":751,"height":274,"caption":"Cabinet SD2P"},"image":{"@id":"https:\/\/odcloud.synology.me\/wordpress\/#logo"}},{"@type":"WebSite","@id":"https:\/\/odcloud.synology.me\/wordpress\/#website","url":"https:\/\/odcloud.synology.me\/wordpress\/","name":"SD Pr\u00e9voyance et Patrimoine","description":"Agent G\u00e9n\u00e9ral d&#039;Assurance sp\u00e9cialis\u00e9 en Pr\u00e9oyance Sant\u00e9 et Retraite \u00e0 Bordeaux Gironde Aquitaine","publisher":{"@id":"https:\/\/odcloud.synology.me\/wordpress\/#organization"},"potentialAction":[{"@type":"SearchAction","target":{"@type":"EntryPoint","urlTemplate":"https:\/\/odcloud.synology.me\/wordpress\/?s={search_term_string}"},"query-input":"required name=search_term_string"}],"inLanguage":"fr-FR"},{"@type":"WebPage","@id":"https:\/\/odcloud.synology.me\/wordpress\/particulier\/#webpage","url":"https:\/\/odcloud.synology.me\/wordpress\/particulier\/","name":"Particulier - SD Pr\u00e9voyance et Patrimoine","isPartOf":{"@id":"https:\/\/odcloud.synology.me\/wordpress\/#website"},"datePublished":"2021-11-16T08:31:06+00:00","dateModified":"2022-08-26T07:50:03+00:00","breadcrumb":{"@id":"https:\/\/odcloud.synology.me\/wordpress\/particulier\/#breadcrumb"},"inLanguage":"fr-FR","potentialAction":[{"@type":"ReadAction","target":["https:\/\/odcloud.synology.me\/wordpress\/particulier\/"]}]},{"@type":"BreadcrumbList","@id":"https:\/\/odcloud.synology.me\/wordpress\/particulier\/#breadcrumb","itemListElement":[{"@type":"ListItem","position":1,"name":"Accueil","item":"https:\/\/odcloud.synology.me\/wordpress\/"},{"@type":"ListItem","position":2,"name":"Particulier"}]}]}},"_links":{"self":[{"href":"https:\/\/odcloud.synology.me\/wordpress\/wp-json\/wp\/v2\/pages\/183"}],"collection":[{"href":"https:\/\/odcloud.synology.me\/wordpress\/wp-json\/wp\/v2\/pages"}],"about":[{"href":"https:\/\/odcloud.synology.me\/wordpress\/wp-json\/wp\/v2\/types\/page"}],"author":[{"embeddable":true,"href":"https:\/\/odcloud.synology.me\/wordpress\/wp-json\/wp\/v2\/users\/1"}],"replies":[{"embeddable":true,"href":"https:\/\/odcloud.synology.me\/wordpress\/wp-json\/wp\/v2\/comments?post=183"}],"version-history":[{"count":40,"href":"https:\/\/odcloud.synology.me\/wordpress\/wp-json\/wp\/v2\/pages\/183\/revisions"}],"predecessor-version":[{"id":630,"href":"https:\/\/odcloud.synology.me\/wordpress\/wp-json\/wp\/v2\/pages\/183\/revisions\/630"}],"wp:attachment":[{"href":"https:\/\/odcloud.synology.me\/wordpress\/wp-json\/wp\/v2\/media?parent=183"}],"wp:term":[{"taxonomy":"category","embeddable":true,"href":"https:\/\/odcloud.synology.me\/wordpress\/wp-json\/wp\/v2\/categories?post=183"},{"taxonomy":"post_tag","embeddable":true,"href":"https:\/\/odcloud.synology.me\/wordpress\/wp-json\/wp\/v2\/tags?post=183"}],"curies":[{"name":"wp","href":"https:\/\/api.w.org\/{rel}","templated":true}]}}